{"id":1741,"date":"2023-07-18T08:18:17","date_gmt":"2023-07-18T08:18:17","guid":{"rendered":"https:\/\/mudanza.mkd.digital\/avis-legal\/"},"modified":"2026-02-17T12:41:45","modified_gmt":"2026-02-17T12:41:45","slug":"avis-legal","status":"publish","type":"page","link":"https:\/\/kmm.cat\/ca\/avis-legal\/","title":{"rendered":"Av\u00eds Legal"},"content":{"rendered":"\t\t<div data-elementor-type=\"wp-page\" data-elementor-id=\"1741\" class=\"elementor elementor-1741 elementor-183\" data-elementor-post-type=\"page\">\n\t\t\t\t\t\t<section class=\"elementor-section elementor-top-section elementor-element elementor-element-a937549 elementor-section-height-min-height elementor-section-boxed elementor-section-height-default elementor-section-items-middle\" data-id=\"a937549\" data-element_type=\"section\" data-settings=\"{&quot;background_background&quot;:&quot;classic&quot;}\">\n\t\t\t\t\t\t\t<div class=\"elementor-background-overlay\"><\/div>\n\t\t\t\t\t\t\t<div class=\"elementor-container elementor-column-gap-default\">\n\t\t\t\t\t<div class=\"elementor-column elementor-col-100 elementor-top-column elementor-element elementor-element-b6f06f6\" data-id=\"b6f06f6\" data-element_type=\"column\">\n\t\t\t<div class=\"elementor-widget-wrap\">\n\t\t\t\t\t\t\t<\/div>\n\t\t<\/div>\n\t\t\t\t\t<\/div>\n\t\t<\/section>\n\t\t\t\t<section class=\"elementor-section elementor-top-section elementor-element elementor-element-e7833da elementor-section-boxed elementor-section-height-default elementor-section-height-default\" data-id=\"e7833da\" data-element_type=\"section\">\n\t\t\t\t\t\t<div class=\"elementor-container elementor-column-gap-default\">\n\t\t\t\t\t<div class=\"elementor-column elementor-col-100 elementor-top-column elementor-element elementor-element-4c29f36\" data-id=\"4c29f36\" data-element_type=\"column\">\n\t\t\t<div class=\"elementor-widget-wrap elementor-element-populated\">\n\t\t\t\t\t\t<div class=\"elementor-element elementor-element-8386229 elementor-widget elementor-widget-heading\" data-id=\"8386229\" data-element_type=\"widget\" data-widget_type=\"heading.default\">\n\t\t\t\t<div class=\"elementor-widget-container\">\n\t\t\t<style>\/*! elementor - v3.20.0 - 26-03-2024 *\/\n.elementor-heading-title{padding:0;margin:0;line-height:1}.elementor-widget-heading .elementor-heading-title[class*=elementor-size-]>a{color:inherit;font-size:inherit;line-height:inherit}.elementor-widget-heading .elementor-heading-title.elementor-size-small{font-size:15px}.elementor-widget-heading .elementor-heading-title.elementor-size-medium{font-size:19px}.elementor-widget-heading .elementor-heading-title.elementor-size-large{font-size:29px}.elementor-widget-heading .elementor-heading-title.elementor-size-xl{font-size:39px}.elementor-widget-heading .elementor-heading-title.elementor-size-xxl{font-size:59px}<\/style><h1 class=\"elementor-heading-title elementor-size-default\">Av\u00eds Legal<\/h1>\t\t<\/div>\n\t\t\t\t<\/div>\n\t\t\t\t<div class=\"elementor-element elementor-element-dd24d92 elementor-widget elementor-widget-text-editor\" data-id=\"dd24d92\" data-element_type=\"widget\" data-widget_type=\"text-editor.default\">\n\t\t\t\t<div class=\"elementor-widget-container\">\n\t\t\t<style>\/*! elementor - v3.20.0 - 26-03-2024 *\/\n.elementor-widget-text-editor.elementor-drop-cap-view-stacked .elementor-drop-cap{background-color:#69727d;color:#fff}.elementor-widget-text-editor.elementor-drop-cap-view-framed .elementor-drop-cap{color:#69727d;border:3px solid;background-color:transparent}.elementor-widget-text-editor:not(.elementor-drop-cap-view-default) .elementor-drop-cap{margin-top:8px}.elementor-widget-text-editor:not(.elementor-drop-cap-view-default) .elementor-drop-cap-letter{width:1em;height:1em}.elementor-widget-text-editor .elementor-drop-cap{float:left;text-align:center;line-height:1;font-size:50px}.elementor-widget-text-editor .elementor-drop-cap-letter{display:inline-block}<\/style>\t\t\t\tComplint amb el deure informaci\u00f3 segons l&#8217;article 10 de la Llei 34\/2002, d&#8217;11 de juliol, de serveis de la societat de la informaci\u00f3 i del comer\u00e7 electr\u00f2nic<b>,<\/b> els informem de les dades seg\u00fcents :\r\n\r\nL&#8217;empresa titular del domini web \u00e9s <b>Keep Move &amp; Mount<\/b><b>\u00a0S.L.<\/b> (d&#8217;ara endavant \u201cKMM\u201d), amb domicili a C\/ Eduard Gibert, 53 08940 Cornell\u00e0 de Llobregat Barcelona Spain.\r\n\r\nNombre de CIF: B-56696438 inscrita al Registre Mercantil de Barcelona. Correu electr\u00f2nic de contacte: info@kmm.cat.\r\n\r\nQualsevol persona que navegui per aquest Lloc Web assumir\u00e0 el paper d&#8217;Usuari i es compromet a observar i emplenar rigorosament les disposicions aqu\u00ed disposades, i tamb\u00e9 a qualsevol altra disposici\u00f3 legal que sigui d&#8217;aplicaci\u00f3.\r\n\r\n<b>\u00a0<\/b>\r\n\r\n<b>CONDICIONS GENERALS D&#8217;\u00daS<\/b>\r\n\r\nEsteu accedint al Lloc Web de KMM. Les p\u00e0gines web que componen aquest Lloc Web poden ser visitades lliurement pels Usuaris i de manera gratu\u00efta, sempre que el seu \u00fas sigui exclusivament personal.\r\n\r\nLa utilitzaci\u00f3 d&#8217;aquesta p\u00e0gina Web suposa l&#8217;acceptaci\u00f3 d&#8217;aquest av\u00eds legal.&lt; \/p&gt;\r\n\r\nL&#8217;Usuari accedeix lliurement a aquest Lloc Web, fet que suposa que l&#8217;utilitzar\u00e0 d&#8217;acord amb aquest av\u00eds legal, la resta d&#8217;avisos i cl\u00e0usules legals, la Llei, la moral, la bona fe i\/o els bons costums .\r\n\r\nKMM es reserva el dret a variar sense previ av\u00eds el contingut d&#8217;aquest av\u00eds legal, per aquest motiu, i per a una utilitzaci\u00f3 correcta del Lloc Web, us recomanem que visiteu peri\u00f2dicament aquesta secci\u00f3. Aix\u00ed mateix, KMM es reserva el dret a denegar o treure l&#8217;acc\u00e9s a aquest Lloc Web i\/o als serveis continguts en aquest, en qualsevol moment i sense av\u00eds previ, a qualsevol Usuari que no compleixi amb el que estableix aquest av\u00eds legal i, especialment, amb el que estableix el par\u00e0graf anterior.\r\n\r\nGeneralment, no es requereix el registre previ com a Usuari d&#8217;aquest Lloc Web. Aix\u00f2 no obstant, la utilitzaci\u00f3 de determinats serveis i\/o continguts pot necessitar la pr\u00e8via identificaci\u00f3 i\/o registre, en la forma indicada en cada cas. Les p\u00e0gines restringides als Usuaris pr\u00e8viament autoritzats per KMM mitjan\u00e7ant registre, reclamen que l&#8217;Usuari no reveli a tercers el nom d&#8217;Usuari i contrasenya, que s\u00f3n personals i intransferibles. L&#8217;Usuari accepta la responsabilitat per qualsevol dany i perjudicis, directes o indirectes, que poguessin derivar-se de la seva utilitzaci\u00f3 indeguda, aix\u00ed com de la seva cessi\u00f3 a tercers. En qualsevol moment KMM\u00a0per motius de seguretat, podr\u00e0 modificar la contrasenya de l&#8217;Usuari, amb una comunicaci\u00f3 pr\u00e8via.\r\n\r\nL&#8217;Usuari es compromet a fer un \u00fas correcte dels continguts i serveis (com ara serveis de consultori, f\u00f2rums de comentaris\/discussi\u00f3) que KMM ofereix a trav\u00e9s d&#8217;aquest Lloc Web. Amb car\u00e0cter enunciatiu per\u00f2 no limitatiu, a no utilitzar-los per:\r\n\r\n\u2013 Inc\u00f3rrer en activitats il\u00b7l\u00edcites, il\u00b7legals o contr\u00e0ries a la bona fe i l&#8217;ordre p\u00fablic;\r\n\u2013 Propagar continguts o propaganda de car\u00e0cter racista, xen\u00f2fob, pornogr\u00e0fic-il\u00b7legal, d&#8217;apologia del terrorisme o atemptatori contra els drets humans;\r\n\u2013 Originar danys en els sistemes f\u00edsics i l\u00f2gics de KMM, dels seus prove\u00efdors o de terceres persones, inserir o difondre a la xarxa virus inform\u00e0tics o qualssevol altres sistemes f\u00edsics o l\u00f2gics que siguin susceptibles de provocar els danys anteriorment esmentats.\r\n\r\nAquest Lloc Web est\u00e0 moderat. KMM\u00a0es reserva el dret de retirar tots aquells comentaris i aportacions que vulnerin el respecte a la dignitat de la persona, que siguin discriminatoris, xen\u00f2fobs, racistes, pornogr\u00e0fics, que atemptin contra la joventut o la inf\u00e0ncia, l&#8217;ordre o la seguretat p\u00fablica o que , al seu parer, no derivaran adequats per a la publicaci\u00f3. En qualsevol cas, KMM no ser\u00e0 responsable de les opinions abocades pels Usuaris a trav\u00e9s dels f\u00f2rums, consultoris, comentaris, o altres eines de participaci\u00f3.\r\n\r\n<b>\r\nPROPIETAT INTEL\u00b7LECTUAL I INDUSTRIAL<\/b>\r\n\r\nMudan\u00e7a, per si sola o com a cession\u00e0ria, \u00e9s titular de tots els drets de propietat intel\u00b7lectual i industrial d&#8217;aquesta p\u00e0gina web, aix\u00ed com dels elements continguts a la mateixa (a t\u00edtol enunciatiu, imatges, so, \u00e0udio, v\u00eddeo, programari o textos, marques o logotips, combinacions de colors, estructura i disseny, selecci\u00f3 de materials usats, programes d&#8217;ordinador necessaris per al seu funcionament, acc\u00e9s i \u00fas, etc.), titularitat de KMM o b\u00e9 dels seus llicenciants. Tots els drets reservats. En virtut del que disposen els articles 8 i 32.1, par\u00e0graf segon, de la Llei de propietat intel\u00b7lectual, queden expressament prohibides la reproducci\u00f3, la distribuci\u00f3 i la comunicaci\u00f3 p\u00fablica, inclosa la seva modalitat de posada a disposici\u00f3, de la totalitat o part dels continguts d&#8217;aquesta p\u00e0gina web, amb finalitats comercials, a qualsevol suport i per qualsevol mitj\u00e0 t\u00e8cnic, sense l&#8217;autoritzaci\u00f3 expressa de KMM. L&#8217;Usuari es responsabilitza a respectar els drets de Propietat Intel\u00b7lectual i Industrial titularitat de KMM. Podreu visualitzar els elements del portal i fins i tot imprimir-los, copiar-los i guardar-los al disc dur del vostre ordinador o en qualsevol altre suport f\u00edsic sempre que sigui, \u00fanica i exclusivament, per al seu \u00fas personal i privat. L&#8217;Usuari haur\u00e0 d&#8217;abstenir-se d&#8217;eliminar, alterar, eludir o manipular qualsevol dispositiu de protecci\u00f3 o sistema de seguretat que estigu\u00e9s instal\u00b7lat a les p\u00e0gines de KMM.\r\n\r\n<b>EXCLUSI\u00d3 DE GARANTIES I RESPONSABILITAT\r\n<\/b>KMM no es fa responsable, en cap moment, dels danys i perjudicis de qualsevol naturalesa que poguessin originar, a t\u00edtol enunciatiu: errors o omissions en els continguts, manca de disponibilitat del portal o la transmissi\u00f3 de virus o programes maliciosos o lesius en els continguts, malgrat haver adoptat totes les mesures tecnol\u00f2giques necess\u00e0ries per evitar-ho.\r\n\r\n<b>MODIFICACIONS\r\n<\/b>KMM es reserva el dret de realitzar sense previ av\u00eds les transformacions que consideri oportunes al seu portal, podent canviar, suprimir o incorporar tant els continguts i serveis que es prestin a trav\u00e9s d&#8217;aquesta com la forma en qu\u00e8 aquests apareguin mostrats o situats al seu portal.\r\n\r\nKMM podr\u00e0 modificar en qualsevol moment les condicions aqu\u00ed establertes, sent degudament publicades com aqu\u00ed apareixen. La vig\u00e8ncia d&#8217;aquestes condicions anir\u00e0 en funci\u00f3 de la seva exposici\u00f3 i estaran vigents fins que siguin modificades per altres degudament publicades.\r\n\r\n<b>ENLLA\u00c7OS I HIPERVINCLES\r\n<\/b>En el cas que a el Lloc Web s&#8217;habilitin enlla\u00e7os o hipervincles cap a altres llocs d&#8217;Internet, KMM no exercir\u00e0 cap tipus de control sobre aquests llocs i continguts. En cap cas KMM assumir\u00e0 cap responsabilitat pels continguts d&#8217;algun enlla\u00e7 pertanyent a un Lloc Web ali\u00e8, ni garantir\u00e0 la disponibilitat t\u00e8cnica, qualitat, fiabilitat, exactitud, amplitud, veracitat, validesa i constitucionalitat de qualsevol material o informaci\u00f3 continguda en cap d&#8217;aquests hipervincles o altres llocs dInternet. Aix\u00ed mateix, la inclusi\u00f3 d&#8217;aquestes connexions externes no implicar\u00e0 cap tipus d&#8217;associaci\u00f3, uni\u00f3 o col\u00b7laboraci\u00f3 amb les entitats connectades.\r\n\r\n<b>\r\nGENERALITATS\r\n<\/b>KMM perseguir\u00e0 l&#8217;incompliment de aquestes condicions aix\u00ed com qualsevol utilitzaci\u00f3 indeguda del seu portal practicant totes les accions civils i penals que li puguin correspondre en dret.\r\n\r\n<b>LLEI APLICABLE I JURISDICCI\u00d3\r\n<\/b>Aquestes condicions es regiran o entendran conforme a la legislaci\u00f3 espanyola en all\u00f2 que no estigui expressament establert.\r\n\r\nMudan\u00e7a i l&#8217;Usuari acorden sotmetre qualsevol controv\u00e8rsia que pogu\u00e9s suscitar-se de la prestaci\u00f3 dels productes o serveis als Jutjats i Tribunals del domicili de la part compradora, si l&#8217;Usuari \u00e9s un consumidor final, o si escau, als Jutjats i Tribunals de Barcelona si l&#8217;Usuari \u00e9s una empresa.\t\t\t\t\t\t<\/div>\n\t\t\t\t<\/div>\n\t\t\t\t\t<\/div>\n\t\t<\/div>\n\t\t\t\t\t<\/div>\n\t\t<\/section>\n\t\t\t\t<\/div>\n\t\t","protected":false},"excerpt":{"rendered":"<p>Complint amb el deure informaci\u00f3 segons l&#8217;article 10 de la Llei 34\/2002, d&#8217;11 de juliol, de serveis de la societat de la informaci\u00f3 i del comer\u00e7 electr\u00f2nic, els informem de les dades seg\u00fcents : L&#8217;empresa titular del domini web \u00e9s Keep Move &amp; Mount\u00a0S.L. (d&#8217;ara endavant \u201cKMM\u201d), amb domicili a C\/ Eduard Gibert, 53 08940 [&hellip;]<\/p>\n","protected":false},"author":1,"featured_media":0,"parent":0,"menu_order":0,"comment_status":"closed","ping_status":"closed","template":"","meta":{"footnotes":""},"yoast_head":"<!-- This site is optimized with the Yoast SEO plugin v22.4 - https:\/\/yoast.com\/wordpress\/plugins\/seo\/ -->\n<title>Av\u00eds Legal - KMM<\/title>\n<meta name=\"robots\" content=\"noindex, nofollow\" \/>\n<meta property=\"og:locale\" content=\"ca_ES\" \/>\n<meta property=\"og:type\" content=\"article\" \/>\n<meta property=\"og:title\" content=\"Av\u00eds Legal - KMM\" \/>\n<meta property=\"og:description\" content=\"Complint amb el deure informaci\u00f3 segons l&#8217;article 10 de la Llei 34\/2002, d&#8217;11 de juliol, de serveis de la societat de la informaci\u00f3 i del comer\u00e7 electr\u00f2nic, els informem de les dades seg\u00fcents : L&#8217;empresa titular del domini web \u00e9s Keep Move &amp; Mount\u00a0S.L. (d&#8217;ara endavant \u201cKMM\u201d), amb domicili a C\/ Eduard Gibert, 53 08940 [&hellip;]\" \/>\n<meta property=\"og:url\" content=\"https:\/\/kmm.cat\/ca\/avis-legal\/\" \/>\n<meta property=\"og:site_name\" content=\"KMM\" \/>\n<meta property=\"article:modified_time\" content=\"2026-02-17T12:41:45+00:00\" \/>\n<meta name=\"twitter:card\" content=\"summary_large_image\" \/>\n<meta name=\"twitter:label1\" content=\"Temps estimat de lectura\" \/>\n\t<meta name=\"twitter:data1\" content=\"6 minuts\" \/>\n<script type=\"application\/ld+json\" class=\"yoast-schema-graph\">{\"@context\":\"https:\/\/schema.org\",\"@graph\":[{\"@type\":\"WebPage\",\"@id\":\"https:\/\/kmm.cat\/ca\/avis-legal\/\",\"url\":\"https:\/\/kmm.cat\/ca\/avis-legal\/\",\"name\":\"Av\u00eds Legal - KMM\",\"isPartOf\":{\"@id\":\"https:\/\/kmm.cat\/ca\/#website\"},\"datePublished\":\"2023-07-18T08:18:17+00:00\",\"dateModified\":\"2026-02-17T12:41:45+00:00\",\"breadcrumb\":{\"@id\":\"https:\/\/kmm.cat\/ca\/avis-legal\/#breadcrumb\"},\"inLanguage\":\"ca\",\"potentialAction\":[{\"@type\":\"ReadAction\",\"target\":[\"https:\/\/kmm.cat\/ca\/avis-legal\/\"]}]},{\"@type\":\"BreadcrumbList\",\"@id\":\"https:\/\/kmm.cat\/ca\/avis-legal\/#breadcrumb\",\"itemListElement\":[{\"@type\":\"ListItem\",\"position\":1,\"name\":\"Portada\",\"item\":\"https:\/\/kmm.cat\/ca\/\"},{\"@type\":\"ListItem\",\"position\":2,\"name\":\"Av\u00eds Legal\"}]},{\"@type\":\"WebSite\",\"@id\":\"https:\/\/kmm.cat\/ca\/#website\",\"url\":\"https:\/\/kmm.cat\/ca\/\",\"name\":\"KMM\",\"description\":\"Servicio de log\u00edstica para interioristas, dise\u00f1adores y arquitectos.\",\"potentialAction\":[{\"@type\":\"SearchAction\",\"target\":{\"@type\":\"EntryPoint\",\"urlTemplate\":\"https:\/\/kmm.cat\/ca\/?s={search_term_string}\"},\"query-input\":\"required name=search_term_string\"}],\"inLanguage\":\"ca\"}]}<\/script>\n<!-- \/ Yoast SEO plugin. -->","yoast_head_json":{"title":"Av\u00eds Legal - KMM","robots":{"index":"noindex","follow":"nofollow"},"og_locale":"ca_ES","og_type":"article","og_title":"Av\u00eds Legal - KMM","og_description":"Complint amb el deure informaci\u00f3 segons l&#8217;article 10 de la Llei 34\/2002, d&#8217;11 de juliol, de serveis de la societat de la informaci\u00f3 i del comer\u00e7 electr\u00f2nic, els informem de les dades seg\u00fcents : L&#8217;empresa titular del domini web \u00e9s Keep Move &amp; Mount\u00a0S.L. (d&#8217;ara endavant \u201cKMM\u201d), amb domicili a C\/ Eduard Gibert, 53 08940 [&hellip;]","og_url":"https:\/\/kmm.cat\/ca\/avis-legal\/","og_site_name":"KMM","article_modified_time":"2026-02-17T12:41:45+00:00","twitter_card":"summary_large_image","twitter_misc":{"Temps estimat de lectura":"6 minuts"},"schema":{"@context":"https:\/\/schema.org","@graph":[{"@type":"WebPage","@id":"https:\/\/kmm.cat\/ca\/avis-legal\/","url":"https:\/\/kmm.cat\/ca\/avis-legal\/","name":"Av\u00eds Legal - KMM","isPartOf":{"@id":"https:\/\/kmm.cat\/ca\/#website"},"datePublished":"2023-07-18T08:18:17+00:00","dateModified":"2026-02-17T12:41:45+00:00","breadcrumb":{"@id":"https:\/\/kmm.cat\/ca\/avis-legal\/#breadcrumb"},"inLanguage":"ca","potentialAction":[{"@type":"ReadAction","target":["https:\/\/kmm.cat\/ca\/avis-legal\/"]}]},{"@type":"BreadcrumbList","@id":"https:\/\/kmm.cat\/ca\/avis-legal\/#breadcrumb","itemListElement":[{"@type":"ListItem","position":1,"name":"Portada","item":"https:\/\/kmm.cat\/ca\/"},{"@type":"ListItem","position":2,"name":"Av\u00eds Legal"}]},{"@type":"WebSite","@id":"https:\/\/kmm.cat\/ca\/#website","url":"https:\/\/kmm.cat\/ca\/","name":"KMM","description":"Servicio de log\u00edstica para interioristas, dise\u00f1adores y arquitectos.","potentialAction":[{"@type":"SearchAction","target":{"@type":"EntryPoint","urlTemplate":"https:\/\/kmm.cat\/ca\/?s={search_term_string}"},"query-input":"required name=search_term_string"}],"inLanguage":"ca"}]}},"_links":{"self":[{"href":"https:\/\/kmm.cat\/ca\/wp-json\/wp\/v2\/pages\/1741"}],"collection":[{"href":"https:\/\/kmm.cat\/ca\/wp-json\/wp\/v2\/pages"}],"about":[{"href":"https:\/\/kmm.cat\/ca\/wp-json\/wp\/v2\/types\/page"}],"author":[{"embeddable":true,"href":"https:\/\/kmm.cat\/ca\/wp-json\/wp\/v2\/users\/1"}],"replies":[{"embeddable":true,"href":"https:\/\/kmm.cat\/ca\/wp-json\/wp\/v2\/comments?post=1741"}],"version-history":[{"count":3,"href":"https:\/\/kmm.cat\/ca\/wp-json\/wp\/v2\/pages\/1741\/revisions"}],"predecessor-version":[{"id":2290,"href":"https:\/\/kmm.cat\/ca\/wp-json\/wp\/v2\/pages\/1741\/revisions\/2290"}],"wp:attachment":[{"href":"https:\/\/kmm.cat\/ca\/wp-json\/wp\/v2\/media?parent=1741"}],"curies":[{"name":"wp","href":"https:\/\/api.w.org\/{rel}","templated":true}]}}