{"id":1727,"date":"2023-07-18T08:19:06","date_gmt":"2023-07-18T08:19:06","guid":{"rendered":"https:\/\/mudanza.mkd.digital\/politica-de-privacitat\/"},"modified":"2026-02-17T12:45:03","modified_gmt":"2026-02-17T12:45:03","slug":"politica-de-privacitat","status":"publish","type":"page","link":"https:\/\/kmm.cat\/ca\/politica-de-privacitat\/","title":{"rendered":"Pol\u00edtica de privacitat"},"content":{"rendered":"\t\t<div data-elementor-type=\"wp-page\" data-elementor-id=\"1727\" class=\"elementor elementor-1727 elementor-195\" data-elementor-post-type=\"page\">\n\t\t\t\t\t\t<section class=\"elementor-section elementor-top-section elementor-element elementor-element-93e80a6 elementor-section-height-min-height elementor-section-boxed elementor-section-height-default elementor-section-items-middle\" data-id=\"93e80a6\" data-element_type=\"section\" data-settings=\"{&quot;background_background&quot;:&quot;classic&quot;}\">\n\t\t\t\t\t\t\t<div class=\"elementor-background-overlay\"><\/div>\n\t\t\t\t\t\t\t<div class=\"elementor-container elementor-column-gap-default\">\n\t\t\t\t\t<div class=\"elementor-column elementor-col-100 elementor-top-column elementor-element elementor-element-b205717\" data-id=\"b205717\" data-element_type=\"column\">\n\t\t\t<div class=\"elementor-widget-wrap\">\n\t\t\t\t\t\t\t<\/div>\n\t\t<\/div>\n\t\t\t\t\t<\/div>\n\t\t<\/section>\n\t\t\t\t<section class=\"elementor-section elementor-top-section elementor-element elementor-element-6b3fc8f elementor-section-boxed elementor-section-height-default elementor-section-height-default\" data-id=\"6b3fc8f\" data-element_type=\"section\">\n\t\t\t\t\t\t<div class=\"elementor-container elementor-column-gap-default\">\n\t\t\t\t\t<div class=\"elementor-column elementor-col-100 elementor-top-column elementor-element elementor-element-f9c6a9c\" data-id=\"f9c6a9c\" data-element_type=\"column\">\n\t\t\t<div class=\"elementor-widget-wrap elementor-element-populated\">\n\t\t\t\t\t\t<div class=\"elementor-element elementor-element-48d23db elementor-widget elementor-widget-heading\" data-id=\"48d23db\" data-element_type=\"widget\" data-widget_type=\"heading.default\">\n\t\t\t\t<div class=\"elementor-widget-container\">\n\t\t\t<style>\/*! elementor - v3.20.0 - 26-03-2024 *\/\n.elementor-heading-title{padding:0;margin:0;line-height:1}.elementor-widget-heading .elementor-heading-title[class*=elementor-size-]>a{color:inherit;font-size:inherit;line-height:inherit}.elementor-widget-heading .elementor-heading-title.elementor-size-small{font-size:15px}.elementor-widget-heading .elementor-heading-title.elementor-size-medium{font-size:19px}.elementor-widget-heading .elementor-heading-title.elementor-size-large{font-size:29px}.elementor-widget-heading .elementor-heading-title.elementor-size-xl{font-size:39px}.elementor-widget-heading .elementor-heading-title.elementor-size-xxl{font-size:59px}<\/style><h1 class=\"elementor-heading-title elementor-size-default\">Pol\u00edtica de privacitat<\/h1>\t\t<\/div>\n\t\t\t\t<\/div>\n\t\t\t\t<div class=\"elementor-element elementor-element-6d2ca3b elementor-widget elementor-widget-text-editor\" data-id=\"6d2ca3b\" data-element_type=\"widget\" data-widget_type=\"text-editor.default\">\n\t\t\t\t<div class=\"elementor-widget-container\">\n\t\t\t<style>\/*! elementor - v3.20.0 - 26-03-2024 *\/\n.elementor-widget-text-editor.elementor-drop-cap-view-stacked .elementor-drop-cap{background-color:#69727d;color:#fff}.elementor-widget-text-editor.elementor-drop-cap-view-framed .elementor-drop-cap{color:#69727d;border:3px solid;background-color:transparent}.elementor-widget-text-editor:not(.elementor-drop-cap-view-default) .elementor-drop-cap{margin-top:8px}.elementor-widget-text-editor:not(.elementor-drop-cap-view-default) .elementor-drop-cap-letter{width:1em;height:1em}.elementor-widget-text-editor .elementor-drop-cap{float:left;text-align:center;line-height:1;font-size:50px}.elementor-widget-text-editor .elementor-drop-cap-letter{display:inline-block}<\/style>\t\t\t\t<b>Keep Move &amp; Mount S.L.<\/b>, en endavant \u201cKMM\u201d\r\n\r\nA KMM volem garantir la privadesa en el tractament de les teves dades personals. A continuaci\u00f3 us expliquem com recopilem, utilitzem i custodiem les dades de les persones que contacten amb nosaltres.\r\nMudan\u00e7a pot canviar l&#8217;actual pol\u00edtica per motius d&#8217;exig\u00e8ncies legislatives o d&#8217;autoregulaci\u00f3, per aix\u00f2 aconsellem als usuaris que visitin regularment aquest Av\u00eds.\r\n\r\n<b>RESPONSABLE DEL TRACTAMENT<\/b>\r\nL&#8217;usuari o client que faciliti a KMM dades de car\u00e0cter personal a trav\u00e9s de la nostra web o per altres canals (per exemple, xarxes socials) queda informat que el tractament de les seves dades \u00e9s realitzat per:\r\n\r\nKeep Move &amp; Mount, S.L.\r\nC\/ Eduard Gibert, 53\r\n08940 Cornell\u00e0 de Llobregat\r\nBarcelona Spain\r\n\r\nPer dubtes, contactar amb nosaltres a trav\u00e9s del seg\u00fcent email: info@kmm.cat\r\n\r\n<b>FINALITATS DEL TRACTAMENT DE DADES<\/b>\r\nVost\u00e8, en lliurar espont\u00e0niament les seves dades personals amb qualsevol formulari d&#8217;aquesta web i acceptar de forma expressa el seu enviament, permet directament a KMM perqu\u00e8 tracti i integri en un fitxer de la seva propietat les dades trameses.\r\nLa recollida i proc\u00e9s de les dades personals que vost\u00e8, com a usuari, faciliti t\u00e9 com a prop\u00f2sit principal de donar resposta a la consulta i enviar informaci\u00f3 comercial i\/o publicit\u00e0ria. Tanmateix, tamb\u00e9 t\u00e9 com a objectiu les accions seg\u00fcents:\r\nComunicar amb el remitent de la informaci\u00f3, contestar la seva sol\u00b7licitud, petici\u00f3 o consulta i coordinar la publicaci\u00f3 de consultes i comentaris i fer-ne un seguiment posterior.\r\nDirigir, si escau, la comanda i dur a terme la prestaci\u00f3 contractada per l&#8217;Usuari, la facturaci\u00f3 i el cobrament.\r\nAdministrar i controlar la cartera de clients.\r\nRealitzar, si escau, la participaci\u00f3 de l&#8217;Usuari en sorteigs o concursos organitzats per KMM.\r\nPortar, si escau, el proc\u00e9s de registre de l&#8217;Usuari a la Plataforma Online.\r\n\r\nEn virtut de la Llei 34\/2002, d&#8217;11 de juliol, de Serveis de la Societat de la Informaci\u00f3 i de Comer\u00e7 Electr\u00f2nic, en cap concepte KMM enviar\u00e0 publicitat i comunicacions amb fins de venda o altres de naturalesa comercial als usuaris sense que hi hagi pr\u00e8via petici\u00f3 o consentiment. Igualment tampoc no remetr\u00e0 missatges no sol\u00b7licitats ni consentits pr\u00e8viament ni enviar\u00e0 cadenes de missatges electr\u00f2nics no sol\u00b7licitats ni pr\u00e8viament consentits.\r\nLes dades personals que proporcioneu hauran de ser vertaderes, exactes, completes i actualitzades, responent dels danys i perjudicis que es puguin generar a causa del no compliment d&#8217;aquesta obligaci\u00f3.\r\n\r\n<b>DURADA\r\n<\/b>Les dades personals per a la gesti\u00f3 de la relaci\u00f3 amb el client seran conservades mentre es mantingui la relaci\u00f3 contractual vigent. Un cop finalitzada aquesta relaci\u00f3, en aquest cas, les dades podran ser conservades durant el temps exigit per la legislaci\u00f3 aplicable i fins que prescriguin les eventuals responsabilitats derivades del contracte.\r\n\r\nLes dades per a la gesti\u00f3 de preguntes i sol\u00b7licituds es conservaran durant el temps necessari per donar-hi resposta, amb un termini m\u00e0xim d&#8217;un any.\r\nLes dades per a la participaci\u00f3 en concursos, sorteigs i promocions es guardaran durant el temps que durin aquests, segons les seves bases espec\u00edfiques, per gestionar-ne el desenvolupament i, posteriorment, fins que prescriguin les possibles responsabilitats derivades de la seva execuci\u00f3.\r\nLes dades per a l&#8217;enviament de comunicacions comercials i realitzaci\u00f3 de perfils comercials dels nostres productes o serveis seran conservats indefinidament fins que, si escau, ens manifestis la teva voluntat d&#8217;esborrar-los.<b>\u00a0<\/b>\r\n\r\n<b>DRETS QUE T\u00c9 L&#8217;USUARI EN RELACI\u00d3 A LES SEVES DADES\r\n<\/b>L&#8217;Usuari pot executar els seus drets d&#8217;acc\u00e9s, rectificaci\u00f3, supressi\u00f3, oposici\u00f3 i decisions individuals automatitzades, portabilitat i limitaci\u00f3 del tractament de les seves dades dirigint-se a Mudanza a C\/ Eduard Gibert, 53 08940 Cornell\u00e0 de Llobregat Barcelona Spain , o a l&#8217;adre\u00e7a nfo@kmm.cat, proporcionant la documentaci\u00f3 que acrediti la identitat de l&#8217;interessat. L&#8217;Usuari t\u00e9 dret a presentar una reclamaci\u00f3 davant de l&#8217;Ag\u00e8ncia Espanyola de Protecci\u00f3 de Dades (AEPD), si en considera vulnerats els drets.\r\n\r\n<b>LEGITIMACI\u00d3 PER AL TRACTAMENT DE DADES\r\n<\/b>La base legal per a l&#8217;\u00fas de dades \u00e9s l&#8217;acceptaci\u00f3 expressa de l&#8217;interessat.\r\n\r\n<b>COMUNICACI\u00d3 DE LES TEVES DADES<\/b>\r\nAmb l&#8217;objectiu de concedir la m\u00e0xima qualitat, KMM necessita compartir les teves dades personals amb entitats o prove\u00efdors externs que ens ajuden a poder oferir el millor servei.\r\nSocietats que ens ajuden amb diferents q\u00fcestions relacionades amb el Servei. A KMM ens assegurem que tots els nostres prove\u00efdors que poden tenir acc\u00e9s a les teves dades personals actu\u00efn de manera confidencial, lleial i complint amb tot la normativa aplicable.\r\n\r\nA les administracions p\u00fabliques competents, en els casos previstos a la Llei i per als fins descrits en aquesta.\r\n\r\n<b>DADES DE TERCERS<\/b>\r\nSi facilites dades de tercers, assumeixes la responsabilitat d&#8217;informar-los pr\u00e8viament de tot all\u00f2 previst a l&#8217;article 14 del Reglament General de Protecci\u00f3 de Dades en les condicions establertes en aquest mandat.\r\n\r\n<b>ACCEPTACI\u00d3 I CONSENTIMENT<\/b>\r\nL&#8217;Usuari manifesta haver estat informat de les condicions sobre protecci\u00f3 de dades personals, acceptant i consentint el tractament automatitzat dels mateixos per part de KMM, en la forma i per a les finalitats indicades a l&#8217;actual Pol\u00edtica de Privadesa.\t\t\t\t\t\t<\/div>\n\t\t\t\t<\/div>\n\t\t\t\t\t<\/div>\n\t\t<\/div>\n\t\t\t\t\t<\/div>\n\t\t<\/section>\n\t\t\t\t<\/div>\n\t\t","protected":false},"excerpt":{"rendered":"<p>Keep Move &amp; Mount S.L., en endavant \u201cKMM\u201d A KMM volem garantir la privadesa en el tractament de les teves dades personals. A continuaci\u00f3 us expliquem com recopilem, utilitzem i custodiem les dades de les persones que contacten amb nosaltres. Mudan\u00e7a pot canviar l&#8217;actual pol\u00edtica per motius d&#8217;exig\u00e8ncies legislatives o d&#8217;autoregulaci\u00f3, per aix\u00f2 aconsellem als [&hellip;]<\/p>\n","protected":false},"author":1,"featured_media":0,"parent":0,"menu_order":0,"comment_status":"closed","ping_status":"closed","template":"elementor_header_footer","meta":{"footnotes":""},"yoast_head":"<!-- This site is optimized with the Yoast SEO plugin v22.4 - https:\/\/yoast.com\/wordpress\/plugins\/seo\/ -->\n<title>Pol\u00edtica de privacitat - KMM<\/title>\n<meta name=\"robots\" content=\"noindex, nofollow\" \/>\n<meta property=\"og:locale\" content=\"ca_ES\" \/>\n<meta property=\"og:type\" content=\"article\" \/>\n<meta property=\"og:title\" content=\"Pol\u00edtica de privacitat - KMM\" \/>\n<meta property=\"og:description\" content=\"Keep Move &amp; Mount S.L., en endavant \u201cKMM\u201d A KMM volem garantir la privadesa en el tractament de les teves dades personals. A continuaci\u00f3 us expliquem com recopilem, utilitzem i custodiem les dades de les persones que contacten amb nosaltres. Mudan\u00e7a pot canviar l&#8217;actual pol\u00edtica per motius d&#8217;exig\u00e8ncies legislatives o d&#8217;autoregulaci\u00f3, per aix\u00f2 aconsellem als [&hellip;]\" \/>\n<meta property=\"og:url\" content=\"https:\/\/kmm.cat\/ca\/politica-de-privacitat\/\" \/>\n<meta property=\"og:site_name\" content=\"KMM\" \/>\n<meta property=\"article:modified_time\" content=\"2026-02-17T12:45:03+00:00\" \/>\n<meta name=\"twitter:card\" content=\"summary_large_image\" \/>\n<meta name=\"twitter:label1\" content=\"Temps estimat de lectura\" \/>\n\t<meta name=\"twitter:data1\" content=\"4 minuts\" \/>\n<script type=\"application\/ld+json\" class=\"yoast-schema-graph\">{\"@context\":\"https:\/\/schema.org\",\"@graph\":[{\"@type\":\"WebPage\",\"@id\":\"https:\/\/kmm.cat\/ca\/politica-de-privacitat\/\",\"url\":\"https:\/\/kmm.cat\/ca\/politica-de-privacitat\/\",\"name\":\"Pol\u00edtica de privacitat - KMM\",\"isPartOf\":{\"@id\":\"https:\/\/kmm.cat\/ca\/#website\"},\"datePublished\":\"2023-07-18T08:19:06+00:00\",\"dateModified\":\"2026-02-17T12:45:03+00:00\",\"breadcrumb\":{\"@id\":\"https:\/\/kmm.cat\/ca\/politica-de-privacitat\/#breadcrumb\"},\"inLanguage\":\"ca\",\"potentialAction\":[{\"@type\":\"ReadAction\",\"target\":[\"https:\/\/kmm.cat\/ca\/politica-de-privacitat\/\"]}]},{\"@type\":\"BreadcrumbList\",\"@id\":\"https:\/\/kmm.cat\/ca\/politica-de-privacitat\/#breadcrumb\",\"itemListElement\":[{\"@type\":\"ListItem\",\"position\":1,\"name\":\"Portada\",\"item\":\"https:\/\/kmm.cat\/ca\/\"},{\"@type\":\"ListItem\",\"position\":2,\"name\":\"Pol\u00edtica de privacitat\"}]},{\"@type\":\"WebSite\",\"@id\":\"https:\/\/kmm.cat\/ca\/#website\",\"url\":\"https:\/\/kmm.cat\/ca\/\",\"name\":\"KMM\",\"description\":\"Servicio de log\u00edstica para interioristas, dise\u00f1adores y arquitectos.\",\"potentialAction\":[{\"@type\":\"SearchAction\",\"target\":{\"@type\":\"EntryPoint\",\"urlTemplate\":\"https:\/\/kmm.cat\/ca\/?s={search_term_string}\"},\"query-input\":\"required name=search_term_string\"}],\"inLanguage\":\"ca\"}]}<\/script>\n<!-- \/ Yoast SEO plugin. -->","yoast_head_json":{"title":"Pol\u00edtica de privacitat - KMM","robots":{"index":"noindex","follow":"nofollow"},"og_locale":"ca_ES","og_type":"article","og_title":"Pol\u00edtica de privacitat - KMM","og_description":"Keep Move &amp; Mount S.L., en endavant \u201cKMM\u201d A KMM volem garantir la privadesa en el tractament de les teves dades personals. A continuaci\u00f3 us expliquem com recopilem, utilitzem i custodiem les dades de les persones que contacten amb nosaltres. Mudan\u00e7a pot canviar l&#8217;actual pol\u00edtica per motius d&#8217;exig\u00e8ncies legislatives o d&#8217;autoregulaci\u00f3, per aix\u00f2 aconsellem als [&hellip;]","og_url":"https:\/\/kmm.cat\/ca\/politica-de-privacitat\/","og_site_name":"KMM","article_modified_time":"2026-02-17T12:45:03+00:00","twitter_card":"summary_large_image","twitter_misc":{"Temps estimat de lectura":"4 minuts"},"schema":{"@context":"https:\/\/schema.org","@graph":[{"@type":"WebPage","@id":"https:\/\/kmm.cat\/ca\/politica-de-privacitat\/","url":"https:\/\/kmm.cat\/ca\/politica-de-privacitat\/","name":"Pol\u00edtica de privacitat - KMM","isPartOf":{"@id":"https:\/\/kmm.cat\/ca\/#website"},"datePublished":"2023-07-18T08:19:06+00:00","dateModified":"2026-02-17T12:45:03+00:00","breadcrumb":{"@id":"https:\/\/kmm.cat\/ca\/politica-de-privacitat\/#breadcrumb"},"inLanguage":"ca","potentialAction":[{"@type":"ReadAction","target":["https:\/\/kmm.cat\/ca\/politica-de-privacitat\/"]}]},{"@type":"BreadcrumbList","@id":"https:\/\/kmm.cat\/ca\/politica-de-privacitat\/#breadcrumb","itemListElement":[{"@type":"ListItem","position":1,"name":"Portada","item":"https:\/\/kmm.cat\/ca\/"},{"@type":"ListItem","position":2,"name":"Pol\u00edtica de privacitat"}]},{"@type":"WebSite","@id":"https:\/\/kmm.cat\/ca\/#website","url":"https:\/\/kmm.cat\/ca\/","name":"KMM","description":"Servicio de log\u00edstica para interioristas, dise\u00f1adores y arquitectos.","potentialAction":[{"@type":"SearchAction","target":{"@type":"EntryPoint","urlTemplate":"https:\/\/kmm.cat\/ca\/?s={search_term_string}"},"query-input":"required name=search_term_string"}],"inLanguage":"ca"}]}},"_links":{"self":[{"href":"https:\/\/kmm.cat\/ca\/wp-json\/wp\/v2\/pages\/1727"}],"collection":[{"href":"https:\/\/kmm.cat\/ca\/wp-json\/wp\/v2\/pages"}],"about":[{"href":"https:\/\/kmm.cat\/ca\/wp-json\/wp\/v2\/types\/page"}],"author":[{"embeddable":true,"href":"https:\/\/kmm.cat\/ca\/wp-json\/wp\/v2\/users\/1"}],"replies":[{"embeddable":true,"href":"https:\/\/kmm.cat\/ca\/wp-json\/wp\/v2\/comments?post=1727"}],"version-history":[{"count":10,"href":"https:\/\/kmm.cat\/ca\/wp-json\/wp\/v2\/pages\/1727\/revisions"}],"predecessor-version":[{"id":2294,"href":"https:\/\/kmm.cat\/ca\/wp-json\/wp\/v2\/pages\/1727\/revisions\/2294"}],"wp:attachment":[{"href":"https:\/\/kmm.cat\/ca\/wp-json\/wp\/v2\/media?parent=1727"}],"curies":[{"name":"wp","href":"https:\/\/api.w.org\/{rel}","templated":true}]}}